{"id":2023,"date":"2024-10-07T19:19:28","date_gmt":"2024-10-07T19:19:28","guid":{"rendered":"https:\/\/pazdelasaves.org\/fundacion-paz-de-las-aves\/"},"modified":"2024-11-02T17:21:20","modified_gmt":"2024-11-02T17:21:20","slug":"fundacion-paz-de-las-aves","status":"publish","type":"page","link":"https:\/\/pazdelasaves.org\/es\/fundacion-paz-de-las-aves\/","title":{"rendered":"Fundaci\u00f3n Paz de Las Aves"},"content":{"rendered":"\n[et_pb_section fb_built=\u00bb1&#8243; _builder_version=\u00bb4.27.0&#8243; _module_preset=\u00bbdefault\u00bb background_image=\u00bbhttps:\/\/pazdelasaves.org\/wp-content\/uploads\/2024\/10\/Cloud-Forest-16&#215;9-1200px.jpg\u00bb min_height=\u00bb600px\u00bb global_colors_info=\u00bb{}\u00bb][et_pb_row custom_padding_last_edited=\u00bbon|phone\u00bb _builder_version=\u00bb4.27.0&#8243; _module_preset=\u00bbdefault\u00bb custom_padding=\u00bb200px||||false|false\u00bb custom_padding_tablet=\u00bb200px||||false|false\u00bb custom_padding_phone=\u00bb50px||||false|false\u00bb global_colors_info=\u00bb{}\u00bb][et_pb_column type=\u00bb4_4&#8243; _builder_version=\u00bb4.27.0&#8243; _module_preset=\u00bbdefault\u00bb global_colors_info=\u00bb{}\u00bb][et_pb_text _builder_version=\u00bb4.27.0&#8243; _module_preset=\u00bbdefault\u00bb header_font_size=\u00bb56px\u00bb header_2_font=\u00bb|||||on|||\u00bb header_2_font_size=\u00bb32px\u00bb header_2_letter_spacing=\u00bb1px\u00bb text_orientation=\u00bbcenter\u00bb background_layout=\u00bbdark\u00bb text_text_shadow_style=\u00bbpreset3&#8243; global_colors_info=\u00bb{}\u00bb]<h1>Conservar el bosque nuboso<\/h1>\n<h2>con la Fundaci\u00f3n Paz de las Aves<\/h2>[\/et_pb_text][et_pb_code _builder_version=\u00bb4.27.0&#8243; _module_preset=\u00bbdefault\u00bb text_orientation=\u00bbcenter\u00bb custom_padding=\u00bb||30px||false|false\u00bb global_module=\u00bb1611&#8243; saved_tabs=\u00bball\u00bb global_colors_info=\u00bb{}\u00bb]<div style=\"display: flex; justify-content: center;\"><!-- [et_pb_line_break_holder] -->    <givebutter-widget id=\"L41vdg\"><\/givebutter-widget><!-- [et_pb_line_break_holder] --><\/div><!-- [et_pb_line_break_holder] -->[\/et_pb_code][\/et_pb_column][\/et_pb_row][\/et_pb_section][et_pb_section fb_built=\u00bb1&#8243; _builder_version=\u00bb4.27.0&#8243; _module_preset=\u00bbdefault\u00bb background_color=\u00bbRGBA(255,255,255,0)\u00bb use_background_color_gradient=\u00bbon\u00bb background_color_gradient_stops=\u00bb#ffffff 0%|#e8f2e6 100%\u00bb global_colors_info=\u00bb{}\u00bb][et_pb_row _builder_version=\u00bb4.27.0&#8243; _module_preset=\u00bbdefault\u00bb global_colors_info=\u00bb{}\u00bb][et_pb_column type=\u00bb4_4&#8243; _builder_version=\u00bb4.27.0&#8243; _module_preset=\u00bbdefault\u00bb global_colors_info=\u00bb{}\u00bb][et_pb_text _builder_version=\u00bb4.27.0&#8243; _module_preset=\u00bbdefault\u00bb text_orientation=\u00bbcenter\u00bb global_colors_info=\u00bb{}\u00bb]<h2>Preservar nuestro futuro <\/h2>\n<p>Fundada en 2023, la Fundaci\u00f3n Paz de las Aves protege y conserva el h\u00e1bitat de bosque nuboso de m\u00e1s de 554 especies de aves en el noroeste de Ecuador. Nuestra misi\u00f3n se centra en crear programas eficaces de gesti\u00f3n y restauraci\u00f3n del h\u00e1bitat que preserven los bosques primarios y secundarios de la gran regi\u00f3n de Mindo. Esperamos construir sobre el legado de Paz y animar a otros agricultores de Mindo y de otros lugares a proteger sus bosques aut\u00f3ctonos.  <\/p>[\/et_pb_text][\/et_pb_column][\/et_pb_row][et_pb_row column_structure=\u00bb1_3,1_3,1_3&#8243; use_custom_gutter=\u00bbon\u00bb make_equal=\u00bbon\u00bb _builder_version=\u00bb4.27.0&#8243; _module_preset=\u00bbdefault\u00bb global_colors_info=\u00bb{}\u00bb][et_pb_column type=\u00bb1_3&#8243; _builder_version=\u00bb4.27.0&#8243; _module_preset=\u00bbdefault\u00bb background_color=\u00bb#ffffff\u00bb border_radii=\u00bbon|10px|10px|10px|10px\u00bb border_width_all=\u00bb1px\u00bb border_color_all=\u00bb#2E4D38&#8243; box_shadow_style=\u00bbpreset1&#8243; global_colors_info=\u00bb{}\u00bb][et_pb_image src=\u00bbhttps:\/\/pazdelasaves.org\/wp-content\/uploads\/2024\/10\/Stream-1080px.jpg\u00bb alt=\u00bbArroyo que atraviesa la propiedad de la familia Paz\u00bb title_text=\u00bbArroyo que atraviesa la propiedad de la familia Paz\u00bb _builder_version=\u00bb4.27.0&#8243; _module_preset=\u00bbdefault\u00bb background_color=\u00bb#ffffff\u00bb custom_margin=\u00bb||0px||false|false\u00bb border_radii=\u00bboff||||\u00bb box_shadow_style=\u00bbpreset1&#8243; global_colors_info=\u00bb{}\u00bb][\/et_pb_image][et_pb_text _builder_version=\u00bb4.27.0&#8243; _module_preset=\u00bbdefault\u00bb background_color=\u00bb#ffffff\u00bb text_orientation=\u00bbcenter\u00bb module_alignment=\u00bbcenter\u00bb min_height=\u00bb160px\u00bb custom_padding=\u00bb25px|8px|25px|8px|true|true\u00bb border_radii=\u00bboff||||\u00bb global_colors_info=\u00bb{}\u00bb]<h3>Proteger los bosques antiguos de Ecuador<\/h3>\n<p>Nuestra misi\u00f3n comienza con la conservaci\u00f3n de los bosques primarios y secundarios de Ecuador, h\u00e1bitats vitales que mantienen la biodiversidad y act\u00faan como sumideros de carbono, beneficiando al planeta. Sin estos bosques, nuestras Grallarias no pueden sobrevivir. <\/p>[\/et_pb_text][\/et_pb_column][et_pb_column type=\u00bb1_3&#8243; _builder_version=\u00bb4.27.0&#8243; _module_preset=\u00bbdefault\u00bb background_color=\u00bb#ffffff\u00bb border_radii=\u00bbon|10px|10px|10px|10px\u00bb border_width_all=\u00bb1px\u00bb border_color_all=\u00bb#2E4D38&#8243; box_shadow_style=\u00bbpreset1&#8243; global_colors_info=\u00bb{}\u00bb][et_pb_image src=\u00bbhttps:\/\/pazdelasaves.org\/wp-content\/uploads\/2024\/10\/Pinoccio-Frog.jpg\u00bb alt=\u00bbLa Rana Pinocho sentada en un tronco musgoso\u00bb title_text=\u00bbLa Rana Pinocho se beneficia cuando recuperamos pastos para el ganado\u00bb _builder_version=\u00bb4.27.0&#8243; _module_preset=\u00bbdefault\u00bb background_color=\u00bb#ffffff\u00bb custom_margin=\u00bb||0px||false|false\u00bb border_radii=\u00bboff||||\u00bb box_shadow_style=\u00bbpreset1&#8243; global_colors_info=\u00bb{}\u00bb][\/et_pb_image][et_pb_text _builder_version=\u00bb4.27.0&#8243; _module_preset=\u00bbdefault\u00bb background_color=\u00bb#ffffff\u00bb text_orientation=\u00bbcenter\u00bb module_alignment=\u00bbcenter\u00bb min_height=\u00bb160px\u00bb custom_padding=\u00bb25px|8px|25px|8px|true|true\u00bb border_radii=\u00bboff||||\u00bb global_colors_info=\u00bb{}\u00bb]<h3>Reforestaci\u00f3n y recuperaci\u00f3n de pastos<\/h3>\n<p>Mediante la reforestaci\u00f3n y la restauraci\u00f3n selectiva en antiguos pastos ganaderos, pretendemos restaurar h\u00e1bitats cr\u00edticos, mejorar la biodiversidad y ampliar el \u00e1rea de bosque para todas las especies amenazadas, no s\u00f3lo para nuestras preciadas Grallarias.<\/p>[\/et_pb_text][\/et_pb_column][et_pb_column type=\u00bb1_3&#8243; _builder_version=\u00bb4.27.0&#8243; _module_preset=\u00bbdefault\u00bb border_radii=\u00bbon|10px|10px|10px|10px\u00bb border_width_all=\u00bb1px\u00bb border_color_all=\u00bb#2E4D38&#8243; box_shadow_style=\u00bbpreset1&#8243; global_colors_info=\u00bb{}\u00bb][et_pb_image src=\u00bbhttps:\/\/pazdelasaves.org\/wp-content\/uploads\/2024\/10\/Visiting-birders.jpg\u00bb alt=\u00bbVisitando a los observadores de aves en el Refugio Paz de las Aves\u00bb title_text=\u00bbLos observadores de aves visitantes pueden ser parte de la soluci\u00f3n\u00bb _builder_version=\u00bb4.27.0&#8243; _module_preset=\u00bbdefault\u00bb background_color=\u00bb#ffffff\u00bb custom_margin=\u00bb||0px||false|false\u00bb border_radii=\u00bboff||||\u00bb box_shadow_style=\u00bbpreset1&#8243; global_colors_info=\u00bb{}\u00bb][\/et_pb_image][et_pb_text _builder_version=\u00bb4.27.0&#8243; _module_preset=\u00bbdefault\u00bb background_color=\u00bb#ffffff\u00bb text_orientation=\u00bbcenter\u00bb module_alignment=\u00bbcenter\u00bb min_height=\u00bb160px\u00bb custom_padding=\u00bb25px|8px|25px|8px|true|true\u00bb border_radii=\u00bboff||||\u00bb global_colors_info=\u00bb{}\u00bb]<h3>Implicar a las comunidades en la conservaci\u00f3n<\/h3>\n<p>Colaboramos con agricultores, vecinos, comunidades y observadores de aves para fomentar un compromiso compartido con el uso sostenible de la tierra y la protecci\u00f3n de la fauna salvaje. Nuestro \u00e9xito depende de tu implicaci\u00f3n.  <\/p>[\/et_pb_text][\/et_pb_column][\/et_pb_row][\/et_pb_section][et_pb_section fb_built=\u00bb1&#8243; _builder_version=\u00bb4.27.0&#8243; _module_preset=\u00bbdefault\u00bb use_background_color_gradient=\u00bbon\u00bb background_color_gradient_stops=\u00bb#e8f2e6 0%|#e9f7c8 100%\u00bb global_colors_info=\u00bb{}\u00bb][et_pb_row _builder_version=\u00bb4.27.0&#8243; _module_preset=\u00bbdefault\u00bb global_colors_info=\u00bb{}\u00bb][et_pb_column type=\u00bb4_4&#8243; _builder_version=\u00bb4.27.0&#8243; _module_preset=\u00bbdefault\u00bb global_colors_info=\u00bb{}\u00bb][et_pb_text _builder_version=\u00bb4.27.0&#8243; _module_preset=\u00bbdefault\u00bb text_orientation=\u00bbcenter\u00bb global_colors_info=\u00bb{}\u00bb]<h2>Una base para el futuro<\/h2>\n<p>La idea de formar una fundaci\u00f3n para proteger el h\u00e1bitat de las Grallaria naci\u00f3 durante la<a href=\"https:\/\/www.gofundme.com\/f\/save-the-antpitta\"> campa\u00f1a GoFundMe<\/a> 2022, en la que m\u00e1s de 1300 clientes y amigos del Refugio Paz de las Aves hicieron donativos para ayudar a salvar la propiedad de la familia. Aunque ning\u00fan donante pidi\u00f3 a la familia que formara una fundaci\u00f3n para recibir un donativo, muchos sugirieron que podr\u00eda ser una soluci\u00f3n para la conservaci\u00f3n a largo plazo de la propiedad. <\/p>\n<p>Despu\u00e9s de mucho trabajo y muchos d\u00edas de espera en los organismos gubernamentales, la Fundaci\u00f3n Paz de las Aves fue reconocida oficialmente por el Ministerio de Ambiente, Agua y Transici\u00f3n Ecol\u00f3gica de Ecuador el 25 de septiembre de 2023.<\/p>\n<h3>Una organizaci\u00f3n totalmente voluntaria<\/h3>\n<p>Como fundaci\u00f3n impulsada totalmente por voluntarios, nuestros miembros se dedican a hacer avanzar el legado Paz mediante asociaciones para la reforestaci\u00f3n y la colaboraci\u00f3n con donantes interesados en la conservaci\u00f3n que comparten nuestra visi\u00f3n de adquirir y conservar m\u00e1s tierras. Este apoyo no s\u00f3lo refuerza nuestros esfuerzos por proteger los bosques nubosos de Ecuador, sino que tambi\u00e9n permite a la familia Paz centrarse en el crecimiento de su negocio de ecoturismo mientras nosotros nos encargamos de la vital labor de conservaci\u00f3n. <\/p>\n<h3>\u00danete a nuestra causa<\/h3>\n<p>Hoy te invitamos a unirte a esta labor de amor. Al implicarte, nos ayudas a seguir protegiendo estos h\u00e1bitats, a ampliar nuestros esfuerzos de conservaci\u00f3n y a inspirar a las generaciones futuras. Ya sea mediante <a href=\"https:\/\/givebutter.com\/pazdelasaves\">un donativo<\/a>, <a href=\"https:\/\/pazdelasaves.org\/es\/contactanos\/solicitud-de-voluntariado\/\">trabajo voluntario<\/a> o simplemente compartiendo nuestra misi\u00f3n, tu apoyo repercute directamente en los bosques nubosos de Ecuador y en la extraordinaria vida salvaje que albergan.  <\/p>[\/et_pb_text][\/et_pb_column][\/et_pb_row][et_pb_row column_structure=\u00bb1_2,1_2&#8243; use_custom_gutter=\u00bbon\u00bb make_equal=\u00bbon\u00bb _builder_version=\u00bb4.27.0&#8243; _module_preset=\u00bbdefault\u00bb global_colors_info=\u00bb{}\u00bb][et_pb_column type=\u00bb1_2&#8243; _builder_version=\u00bb4.27.0&#8243; _module_preset=\u00bbdefault\u00bb background_color=\u00bb#ffffff\u00bb border_radii=\u00bbon|10px|10px|10px|10px\u00bb border_width_all=\u00bb1px\u00bb border_color_all=\u00bb#2E4D38&#8243; box_shadow_style=\u00bbpreset1&#8243; global_colors_info=\u00bb{}\u00bb][et_pb_image src=\u00bbhttps:\/\/pazdelasaves.org\/wp-content\/uploads\/2024\/10\/Giant-Anpitta-4&#215;3-1080px-e1728838872291.jpg\u00bb alt=\u00bbUna Grallaria Gigantae mira directamente a la c\u00e1mara.\u00bb title_text=\u00bbGrallaria Gigantae\u00bb _builder_version=\u00bb4.27.0&#8243; _module_preset=\u00bbdefault\u00bb background_color=\u00bb#ffffff\u00bb custom_margin=\u00bb||0px||false|false\u00bb border_radii=\u00bboff||||\u00bb box_shadow_style=\u00bbpreset1&#8243; global_colors_info=\u00bb{}\u00bb][\/et_pb_image][et_pb_text _builder_version=\u00bb4.27.0&#8243; _module_preset=\u00bbdefault\u00bb background_color=\u00bb#ffffff\u00bb text_orientation=\u00bbcenter\u00bb module_alignment=\u00bbcenter\u00bb min_height=\u00bb160px\u00bb custom_padding=\u00bb25px|8px||8px|false|true\u00bb border_radii=\u00bboff||||\u00bb global_colors_info=\u00bb{}\u00bb]<h3>Dona<\/h3>\n<p>Para hacer un donativo, utiliza los botones de nuestro sitio web o <a href=\"https:\/\/givebutter.com\/pazdelasaves\">visita nuestra plataforma de recaudaci\u00f3n de fondos en GiveButter<\/a>, alojada por nuestro socio en Estados Unidos, la reci\u00e9n fundada <a href=\"https:\/\/givebutter.com\/antpitta\">Antpitta Habitat Alliance<\/a>. Cualquier donativo tiene impacto, pero los donativos recurrentes nos permiten planificar con antelaci\u00f3n. <\/p>[\/et_pb_text][et_pb_code _builder_version=\u00bb4.27.0&#8243; _module_preset=\u00bbdefault\u00bb global_module=\u00bb1738&#8243; global_colors_info=\u00bb{}\u00bb]<div style=\"display: flex; justify-content: center;\"><!-- [et_pb_line_break_holder] -->    <givebutter-widget id=\"gkoPNg\"><\/givebutter-widget><!-- [et_pb_line_break_holder] --><\/div><!-- [et_pb_line_break_holder] -->[\/et_pb_code][et_pb_code _builder_version=\u00bb4.27.0&#8243; _module_preset=\u00bbdefault\u00bb text_orientation=\u00bbcenter\u00bb custom_padding=\u00bb||30px||false|false\u00bb global_module=\u00bb1611&#8243; saved_tabs=\u00bball\u00bb global_colors_info=\u00bb{}\u00bb]<div style=\"display: flex; justify-content: center;\"><!-- [et_pb_line_break_holder] -->    <givebutter-widget id=\"L41vdg\"><\/givebutter-widget><!-- [et_pb_line_break_holder] --><\/div><!-- [et_pb_line_break_holder] -->[\/et_pb_code][\/et_pb_column][et_pb_column type=\u00bb1_2&#8243; _builder_version=\u00bb4.27.0&#8243; _module_preset=\u00bbdefault\u00bb background_color=\u00bb#ffffff\u00bb border_radii=\u00bbon|10px|10px|10px|10px\u00bb border_width_all=\u00bb1px\u00bb border_color_all=\u00bb#2E4D38&#8243; box_shadow_style=\u00bbpreset1&#8243; global_colors_info=\u00bb{}\u00bb][et_pb_image src=\u00bbhttps:\/\/pazdelasaves.org\/wp-content\/uploads\/2024\/10\/Little-girl-with-binoculars.jpg\u00bb alt=\u00bbUna ni\u00f1a aprende a utilizar los prism\u00e1ticos en Paz de las Aves\u00bb title_text=\u00bbAprender a observar aves\u00bb _builder_version=\u00bb4.27.0&#8243; _module_preset=\u00bbdefault\u00bb background_color=\u00bb#ffffff\u00bb custom_margin=\u00bb||0px||false|false\u00bb border_radii=\u00bboff||||\u00bb box_shadow_style=\u00bbpreset1&#8243; global_colors_info=\u00bb{}\u00bb][\/et_pb_image][et_pb_text _builder_version=\u00bb4.27.0&#8243; _module_preset=\u00bbdefault\u00bb background_color=\u00bb#ffffff\u00bb text_orientation=\u00bbcenter\u00bb module_alignment=\u00bbcenter\u00bb min_height=\u00bb160px\u00bb custom_padding=\u00bb25px|20px|25px|20px|true|true\u00bb custom_padding_tablet=\u00bb25px|20px|25px|20px|true|true\u00bb custom_padding_phone=\u00bb|8px||8px|true|true\u00bb custom_padding_last_edited=\u00bbon|phone\u00bb border_radii=\u00bboff||||\u00bb global_colors_info=\u00bb{}\u00bb]<h3>Voluntario<\/h3>\n<div class=\"flex-1 overflow-hidden\">\n<div class=\"h-full\">\n<div class=\"react-scroll-to-bottom--css-cwsgm-79elbk h-full\">\n<div class=\"react-scroll-to-bottom--css-cwsgm-1n7m0yu\">\n<div class=\"flex flex-col text-sm md:pb-9\">\n<article class=\"w-full text-token-text-primary focus-visible:outline-2 focus-visible:outline-offset-[-4px]\" dir=\"auto\" data-testid=\"conversation-turn-45\" data-scroll-anchor=\"true\">\n<div class=\"m-auto text-base py-[18px] px-3 md:px-4 w-full md:px-5 lg:px-4 xl:px-5\">\n<div class=\"mx-auto flex flex-1 gap-4 text-base md:gap-5 lg:gap-6 md:max-w-3xl lg:max-w-[40rem] xl:max-w-[48rem]\">\n<div class=\"group\/conversation-turn relative flex w-full min-w-0 flex-col agent-turn\">\n<div class=\"flex-col gap-1 md:gap-3\">\n<div class=\"flex max-w-full flex-col flex-grow\">\n<div data-message-author-role=\"assistant\" data-message-id=\"03c05f72-19af-4171-880a-1257cb8cb67f\" dir=\"auto\" class=\"min-h-8 text-message flex w-full flex-col items-end gap-2 whitespace-normal break-words [.text-message+&amp;]:mt-5\" data-message-model-slug=\"gpt-4o\">\n<div class=\"flex w-full flex-col gap-1 empty:hidden first:pt-[3px]\">\n<div class=\"markdown prose w-full break-words dark:prose-invert light\">\n<p>La Fundaci\u00f3n Paz de las Aves cuenta con un equipo peque\u00f1o pero apasionado. Buscamos m\u00e1s voluntarios que quieran apoyar nuestra misi\u00f3n, ya sea en Ecuador o a distancia. Desde las redes sociales y la recaudaci\u00f3n de fondos hasta la realizaci\u00f3n de investigaciones y el contacto con socios potenciales, tu ayuda puede tener un impacto real en la conservaci\u00f3n de los bosques nubosos de Ecuador. \u00a1\u00danete a nosotros para formar parte de un legado creciente en materia de conservaci\u00f3n!   <\/p>\n<\/div>\n<\/div>\n<\/div>\n<\/div>\n<\/div>\n<\/div>\n<\/div>\n<\/div>\n<\/article>\n<\/div>\n<\/div>\n<\/div>\n<\/div>\n<\/div>[\/et_pb_text][et_pb_button button_url=\u00bbhttps:\/\/pazdelasaves.org\/contact-us\/volunteer-application\/\u00bb button_text=\u00bbVoluntario\u00bb module_class=\u00bbyour-button-class\u00bb _builder_version=\u00bb4.27.0&#8243; _module_preset=\u00bbdefault\u00bb button_text_size=\u00bb16px\u00bb button_bg_color=\u00bb#6FA96F\u00bb button_border_width=\u00bb0px\u00bb button_letter_spacing=\u00bb0px\u00bb button_font=\u00bbArial|600|||||||\u00bb button_use_icon=\u00bboff\u00bb background_layout=\u00bbdark\u00bb custom_margin=\u00bb||30px||false|false\u00bb custom_padding=\u00bb11px|15px|11px|15px|true|false\u00bb button_bg_color_tablet=\u00bb#6FA96F\u00bb button_bg_color_phone=\u00bb#6FA96F\u00bb button_bg_color_last_edited=\u00bbon|desktop\u00bb custom_css_free_form=\u00bb.your-button-class {||    background-color: #6fa96f !important;||    background-image: none !important;||}\u00bb global_colors_info=\u00bb{}\u00bb][\/et_pb_button][\/et_pb_column][\/et_pb_row][\/et_pb_section][et_pb_section fb_built=\u00bb1&#8243; _builder_version=\u00bb4.27.0&#8243; _module_preset=\u00bbdefault\u00bb use_background_color_gradient=\u00bbon\u00bb background_color_gradient_stops=\u00bb#e9f7c8 0%|#6fa96f 100%\u00bb global_colors_info=\u00bb{}\u00bb][et_pb_row _builder_version=\u00bb4.27.0&#8243; _module_preset=\u00bbdefault\u00bb global_colors_info=\u00bb{}\u00bb][et_pb_column type=\u00bb4_4&#8243; _builder_version=\u00bb4.27.0&#8243; _module_preset=\u00bbdefault\u00bb global_colors_info=\u00bb{}\u00bb][et_pb_text _builder_version=\u00bb4.27.0&#8243; _module_preset=\u00bbdefault\u00bb text_orientation=\u00bbcenter\u00bb global_colors_info=\u00bb{}\u00bb]<h2>Testimonios de la labor de conservaci\u00f3n de Paz de las Aves<\/h2>\n<p>  Si quieres a\u00f1adir tu nombre a esta lista de personas que elogian la labor de Paz de las Aves, \u00a1ponte <a href=\"https:\/\/pazdelasaves.org\/es\/contactanos\/\">en contacto con<\/a> nosotros!<\/p>[\/et_pb_text][\/et_pb_column][\/et_pb_row][et_pb_row column_structure=\u00bb1_3,1_3,1_3&#8243; _builder_version=\u00bb4.27.0&#8243; _module_preset=\u00bbdefault\u00bb custom_padding=\u00bb||||true|true\u00bb global_colors_info=\u00bb{}\u00bb][et_pb_column type=\u00bb1_3&#8243; _builder_version=\u00bb4.27.0&#8243; _module_preset=\u00bbdefault\u00bb background_color=\u00bb#ffffff\u00bb custom_padding=\u00bb|10px||10px|false|false\u00bb border_radii=\u00bbon|10px|10px|10px|10px\u00bb border_width_all=\u00bb1px\u00bb border_color_all=\u00bb#2E4D38&#8243; box_shadow_style=\u00bbpreset1&#8243; global_colors_info=\u00bb{}\u00bb][et_pb_text _builder_version=\u00bb4.27.0&#8243; _module_preset=\u00bbdefault\u00bb text_font=\u00bb||||||||\u00bb header_3_font=\u00bb|||||on|||\u00bb custom_padding=\u00bb10px||||false|false\u00bb global_colors_info=\u00bb{}\u00bb]<h3>Rebecca Brunner, Donante<\/h3>\n<blockquote>\n<p>Como bi\u00f3loga conservacionista, no puedo expresar lo impactante que ser\u00e1 este proyecto (\u00a1y ya lo ha sido!) para la protecci\u00f3n de la biodiversidad. La dedicaci\u00f3n y la pasi\u00f3n de \u00c1ngel y Rodrigo son palpables cuando los conoces, y \u00e9se es quiz\u00e1 el elemento m\u00e1s importante de este proyecto: el poder de los ecuatorianos para proteger su propia tierra para las futuras generaciones de personas y de vida salvaje. \u00a1Gracias por todo vuestro trabajo verdaderamente inspirador!  <\/p>\n<\/blockquote>[\/et_pb_text][\/et_pb_column][et_pb_column type=\u00bb1_3&#8243; _builder_version=\u00bb4.27.0&#8243; _module_preset=\u00bbdefault\u00bb background_color=\u00bb#ffffff\u00bb custom_padding=\u00bb|10px||10px|false|false\u00bb border_radii=\u00bbon|10px|10px|10px|10px\u00bb border_width_all=\u00bb1px\u00bb border_color_all=\u00bb#2E4D38&#8243; box_shadow_style=\u00bbpreset1&#8243; global_colors_info=\u00bb{}\u00bb][et_pb_text _builder_version=\u00bb4.27.0&#8243; _module_preset=\u00bbdefault\u00bb text_font=\u00bb||||||||\u00bb header_3_font=\u00bb|||||on|||\u00bb custom_padding=\u00bb10px||||false|false\u00bb global_colors_info=\u00bb{}\u00bb]<h3>Club de Leones de Nightcliff, Donante<\/h3>\n<blockquote>\n<p>Los Leones de Nightcliff apoyan la conservaci\u00f3n de base. Dos de sus miembros visitaron esta propiedad y quedaron impresionados por el trabajo de conservaci\u00f3n de \u00c1ngel y su familia. Seguid con el buen trabajo.  <\/p>\n<\/blockquote>[\/et_pb_text][\/et_pb_column][et_pb_column type=\u00bb1_3&#8243; _builder_version=\u00bb4.27.0&#8243; _module_preset=\u00bbdefault\u00bb background_color=\u00bb#ffffff\u00bb custom_padding=\u00bb|10px||10px|false|false\u00bb border_radii=\u00bbon|10px|10px|10px|10px\u00bb border_width_all=\u00bb1px\u00bb border_color_all=\u00bb#2E4D38&#8243; box_shadow_style=\u00bbpreset1&#8243; global_colors_info=\u00bb{}\u00bb][et_pb_text _builder_version=\u00bb4.27.0&#8243; _module_preset=\u00bbdefault\u00bb text_font=\u00bb||||||||\u00bb header_3_font=\u00bb|||||on|||\u00bb custom_padding=\u00bb10px||||false|false\u00bb global_colors_info=\u00bb{}\u00bb]<h3>Shereen Chang, Donante<\/h3>\n<blockquote>\n<p>Visitamos el Refugio de Aves de la Paz en 2015 y lo pasamos de maravilla, viendo hormigueros, colibr\u00edes, gallitos de las rocas y muchas otras aves. La relaci\u00f3n que \u00c1ngel ha establecido con estas t\u00edmidas aves es notable y \u00fanica. Es importante que se conserve este h\u00e1bitat y santuario de aves.  <\/p>\n<\/blockquote>[\/et_pb_text][\/et_pb_column][\/et_pb_row][\/et_pb_section]\n","protected":false},"excerpt":{"rendered":"<p>Conservar el bosque nuboso con la Fundaci\u00f3n Paz de las AvesPreservar nuestro futuro Fundada en 2023, la Fundaci\u00f3n Paz de las Aves protege y conserva el h\u00e1bitat de bosque nuboso de m\u00e1s de 554 especies de aves en el noroeste de Ecuador. Nuestra misi\u00f3n se centra en crear programas eficaces de gesti\u00f3n y restauraci\u00f3n del [&hellip;]<\/p>\n","protected":false},"author":1,"featured_media":1859,"parent":0,"menu_order":0,"comment_status":"closed","ping_status":"closed","template":"","meta":{"_et_pb_use_builder":"on","_et_pb_old_content":"","_et_gb_content_width":"","footnotes":""},"class_list":["post-2023","page","type-page","status-publish","has-post-thumbnail","hentry"],"_links":{"self":[{"href":"https:\/\/pazdelasaves.org\/es\/wp-json\/wp\/v2\/pages\/2023","targetHints":{"allow":["GET"]}}],"collection":[{"href":"https:\/\/pazdelasaves.org\/es\/wp-json\/wp\/v2\/pages"}],"about":[{"href":"https:\/\/pazdelasaves.org\/es\/wp-json\/wp\/v2\/types\/page"}],"author":[{"embeddable":true,"href":"https:\/\/pazdelasaves.org\/es\/wp-json\/wp\/v2\/users\/1"}],"replies":[{"embeddable":true,"href":"https:\/\/pazdelasaves.org\/es\/wp-json\/wp\/v2\/comments?post=2023"}],"version-history":[{"count":0,"href":"https:\/\/pazdelasaves.org\/es\/wp-json\/wp\/v2\/pages\/2023\/revisions"}],"wp:featuredmedia":[{"embeddable":true,"href":"https:\/\/pazdelasaves.org\/es\/wp-json\/wp\/v2\/media\/1859"}],"wp:attachment":[{"href":"https:\/\/pazdelasaves.org\/es\/wp-json\/wp\/v2\/media?parent=2023"}],"curies":[{"name":"wp","href":"https:\/\/api.w.org\/{rel}","templated":true}]}}