{"id":2020,"date":"2024-10-28T01:44:37","date_gmt":"2024-10-28T01:44:37","guid":{"rendered":"https:\/\/pazdelasaves.org\/preguntas-mas-frecuentes-faq\/"},"modified":"2024-11-02T20:06:41","modified_gmt":"2024-11-02T20:06:41","slug":"preguntas-mas-frecuentes-faq","status":"publish","type":"page","link":"https:\/\/pazdelasaves.org\/es\/preguntas-mas-frecuentes-faq\/","title":{"rendered":"Preguntas m\u00e1s frecuentes (FAQ)"},"content":{"rendered":"<p>[et_pb_section fb_built=\u00bb1&#8243; _builder_version=\u00bb4.27.0&#8243; _module_preset=\u00bbdefault\u00bb use_background_color_gradient=\u00bbon\u00bb background_color_gradient_stops=\u00bb#e8f2e6 0%|#e9f7c8 100%\u00bb global_colors_info=\u00bb{}\u00bb][et_pb_row _builder_version=\u00bb4.27.0&#8243; _module_preset=\u00bbdefault\u00bb global_colors_info=\u00bb{}\u00bb][et_pb_column type=\u00bb4_4&#8243; _builder_version=\u00bb4.27.0&#8243; _module_preset=\u00bbdefault\u00bb global_colors_info=\u00bb{}\u00bb][et_pb_text _builder_version=\u00bb4.27.0&#8243; _module_preset=\u00bbdefault\u00bb global_colors_info=\u00bb{}\u00bb]<\/p>\n<h1 style=\"text-align: center;\">Preguntas m\u00e1s frecuentes (FAQ)<\/h1>\n<p>&nbsp;<\/p>\n<p>[\/et_pb_text][et_pb_toggle title=\u00bb\u00bfD\u00f3nde se encuentra el Refugio Paz de las Aves?\u00bb icon_color=\u00bb#2E4D38&#8243; open_icon_color=\u00bb#2e4d38&#8243; _builder_version=\u00bb4.27.0&#8243; _module_preset=\u00bbdefault\u00bb title_text_color=\u00bb#2e4d38&#8243; background_color=\u00bb#ffffff\u00bb width=\u00bb95%\u00bb module_alignment=\u00bbcenter\u00bb border_radii=\u00bbon|10px|10px|10px|10px\u00bb border_color_all=\u00bb#2E4D38&#8243; box_shadow_style=\u00bbpreset1&#8243; global_colors_info=\u00bb{}\u00bb]<\/p>\n<section class=\"elementor-section elementor-top-section elementor-element elementor-element-8975840 elementor-section-boxed elementor-section-height-default elementor-section-height-default\" data-id=\"8975840\" data-element_type=\"section\">\n<div class=\"elementor-container elementor-column-gap-default\">\n<div class=\"elementor-column elementor-col-100 elementor-top-column elementor-element elementor-element-8bd863f\" data-id=\"8bd863f\" data-element_type=\"column\">\n<div class=\"elementor-widget-wrap elementor-element-populated\">\n<div class=\"elementor-element elementor-element-68ce932 elementor-widget elementor-widget-heading\" data-id=\"68ce932\" data-element_type=\"widget\" data-widget_type=\"heading.default\">\n<div class=\"elementor-widget-container\">\n<p>El Refugio Paz de las Aves est\u00e1 enclavado en los exuberantes bosques nubosos de Ecuador, a unas dos horas en autom\u00f3vil de Quito, pasando por la ciudad de Nanegalito y cerca de los puntos de observaci\u00f3n de aves de Mindo y Tandayapa. Esta ubicaci\u00f3n ideal en la vertiente occidental de los Andes facilita el acceso a algunas de las zonas m\u00e1s ricas en aves de Ecuador, conocidas por su incre\u00edble variedad de especies. La proximidad de la reserva a estos lugares privilegiados la convierte en una base perfecta para los observadores de aves deseosos de explorar la biodiversidad de los bosques de la vertiente occidental de Ecuador.  <\/p>\n<\/div>\n<\/div>\n<\/div>\n<\/div>\n<\/div>\n<\/section>\n<p>[\/et_pb_toggle][et_pb_map address=\u00bbCalacal\u00ed, Ecuador\u00bb zoom_level=\u00bb8&#8243; address_lat=\u00bb0.0011424&#8243; address_lng=\u00bb-78.5163894&#8243; _builder_version=\u00bb4.27.0&#8243; _module_preset=\u00bbdefault\u00bb width=\u00bb80%\u00bb module_alignment=\u00bbcenter\u00bb hover_enabled=\u00bb0&#8243; global_colors_info=\u00bb{}\u00bb border_radii=\u00bbon|8px|8px|8px|8px\u00bb border_width_all=\u00bb1px\u00bb border_color_all=\u00bb#2E4D38&#8243; box_shadow_style=\u00bbpreset1&#8243; sticky_enabled=\u00bb0&#8243;][et_pb_map_pin title=\u00bbRefugio Paz de las Aves\u00bb pin_address=\u00bbRefugio Paz de Las Aves, Refugio Paz de las aves, Nanegalito 170168, Ecuador\u00bb zoom_level=\u00bb14&#8243; pin_address_lat=\u00bb0.0199349&#8243; pin_address_lng=\u00bb-78.7071706&#8243; _builder_version=\u00bb4.27.0&#8243; _module_preset=\u00bbdefault\u00bb global_colors_info=\u00bb{}\u00bb][\/et_pb_map_pin][\/et_pb_map][et_pb_toggle title=\u00bb\u00bfCu\u00e1l es la mejor manera de llegar a Refugio Paz de las Aves?\u00bb icon_color=\u00bb#2E4D38&#8243; open_icon_color=\u00bb#2e4d38&#8243; _builder_version=\u00bb4.27.0&#8243; _module_preset=\u00bbdefault\u00bb title_text_color=\u00bb#2e4d38&#8243; background_color=\u00bb#ffffff\u00bb width=\u00bb95%\u00bb module_alignment=\u00bbcenter\u00bb border_radii=\u00bbon|10px|10px|10px|10px\u00bb border_color_all=\u00bb#2E4D38&#8243; box_shadow_style=\u00bbpreset1&#8243; global_colors_info=\u00bb{}\u00bb]<\/p>\n<section class=\"elementor-section elementor-top-section elementor-element elementor-element-8975840 elementor-section-boxed elementor-section-height-default elementor-section-height-default\" data-id=\"8975840\" data-element_type=\"section\">\n<div class=\"elementor-container elementor-column-gap-default\">\n<div class=\"elementor-column elementor-col-100 elementor-top-column elementor-element elementor-element-8bd863f\" data-id=\"8bd863f\" data-element_type=\"column\">\n<div class=\"elementor-widget-wrap elementor-element-populated\">\n<div class=\"elementor-element elementor-element-68ce932 elementor-widget elementor-widget-heading\" data-id=\"68ce932\" data-element_type=\"widget\" data-widget_type=\"heading.default\">\n<div class=\"elementor-widget-container\">\n<p>Tu viaje al Refugio Paz de las Aves comienza en Quito, la vibrante capital de Ecuador. Ofrecemos varias opciones de transporte para que tu llegada sea tranquila y agradable. <\/p>\n<p>Transporte privado: Para la ruta m\u00e1s directa, puedes reservar nuestro transporte privado de ida y vuelta desde tu hotel o desde el aeropuerto de Quito. El trayecto panor\u00e1mico dura unas 2 horas y te permite comenzar tu experiencia sin estr\u00e9s. Para nuestros hu\u00e9spedes del viaje de 7 d\u00edas, los traslados de ida y vuelta al Aeropuerto Internacional de Quito est\u00e1n incluidos en tu paquete tur\u00edstico.  <\/p>\n<p>Transporte p\u00fablico: Para quienes viajen por su cuenta, los autobuses al Refugio salen de las terminales de Carcel\u00e9n o La Ofelia en Quito. Desde cualquiera de las dos terminales, compra un billete a Nanegalito, una peque\u00f1a ciudad a unos 30 minutos de nuestro albergue. Una vez en Nanegalito, puedes tomar un taxi local hasta el Refugio Paz de las Aves.  <\/p>\n<p>Si decides alquilar un coche, ten en cuenta que nuestras carreteras no est\u00e1n asfaltadas. Aunque no es necesario un veh\u00edculo 4&#215;4 para llegar al Refugio, te recomendamos un veh\u00edculo de gran altura, como un todoterreno. <\/p>\n<\/div>\n<\/div>\n<\/div>\n<\/div>\n<\/div>\n<\/section>\n<p>[\/et_pb_toggle][et_pb_toggle title=\u00bb\u00bfQu\u00e9 tiempo hace?\u00bb icon_color=\u00bb#2E4D38&#8243; open_icon_color=\u00bb#2e4d38&#8243; _builder_version=\u00bb4.27.0&#8243; _module_preset=\u00bbdefault\u00bb title_text_color=\u00bb#2e4d38&#8243; background_color=\u00bb#ffffff\u00bb width=\u00bb95%\u00bb module_alignment=\u00bbcenter\u00bb border_radii=\u00bbon|10px|10px|10px|10px\u00bb border_color_all=\u00bb#2E4D38&#8243; box_shadow_style=\u00bbpreset1&#8243; global_colors_info=\u00bb{}\u00bb]<\/p>\n<section class=\"elementor-section elementor-top-section elementor-element elementor-element-8975840 elementor-section-boxed elementor-section-height-default elementor-section-height-default\" data-id=\"8975840\" data-element_type=\"section\">\n<div class=\"elementor-container elementor-column-gap-default\">\n<div class=\"elementor-column elementor-col-100 elementor-top-column elementor-element elementor-element-8bd863f\" data-id=\"8bd863f\" data-element_type=\"column\">\n<div class=\"elementor-widget-wrap elementor-element-populated\">\n<div class=\"elementor-element elementor-element-68ce932 elementor-widget elementor-widget-heading\" data-id=\"68ce932\" data-element_type=\"widget\" data-widget_type=\"heading.default\">\n<div class=\"elementor-widget-container\">\n<p>En el Refugio Paz de las Aves, situado en el bosque nuboso de Ecuador, puedes esperar un tiempo suave y brumoso durante todo el a\u00f1o. Las temperaturas diurnas rondan los 21\u00b0C de media, mientras que las nocturnas descienden hasta los 14\u00b0C. El bosque nuboso es conocido por sus frecuentes lluvias, sobre todo de finales de octubre a abril, por lo que te recomendamos que lleves ropa impermeable. Incluso durante los meses m\u00e1s secos, son frecuentes los chaparrones breves, que crean un entorno verde y exuberante ideal para observar aves y sumergirse en este ecosistema \u00fanico.   <\/p>\n<\/div>\n<\/div>\n<\/div>\n<\/div>\n<\/div>\n<\/section>\n<p>[\/et_pb_toggle][et_pb_toggle title=\u00bb\u00bfA qu\u00e9 hora es la entrada y la salida?\u00bb icon_color=\u00bb#2E4D38&#8243; open_icon_color=\u00bb#2e4d38&#8243; _builder_version=\u00bb4.27.0&#8243; _module_preset=\u00bbdefault\u00bb title_text_color=\u00bb#2e4d38&#8243; background_color=\u00bb#ffffff\u00bb width=\u00bb95%\u00bb module_alignment=\u00bbcenter\u00bb border_radii=\u00bbon|10px|10px|10px|10px\u00bb border_color_all=\u00bb#2E4D38&#8243; box_shadow_style=\u00bbpreset1&#8243; global_colors_info=\u00bb{}\u00bb]<\/p>\n<section class=\"elementor-section elementor-top-section elementor-element elementor-element-8975840 elementor-section-boxed elementor-section-height-default elementor-section-height-default\" data-id=\"8975840\" data-element_type=\"section\">\n<div class=\"elementor-container elementor-column-gap-default\">\n<div class=\"elementor-column elementor-col-100 elementor-top-column elementor-element elementor-element-8bd863f\" data-id=\"8bd863f\" data-element_type=\"column\">\n<div class=\"elementor-widget-wrap elementor-element-populated\">\n<div class=\"elementor-element elementor-element-68ce932 elementor-widget elementor-widget-heading\" data-id=\"68ce932\" data-element_type=\"widget\" data-widget_type=\"heading.default\">\n<div class=\"elementor-widget-container\">\n<p><strong>Registro<\/strong>: Comienza a las 13:00 h, con paseos guiados a partir de las 14:00 h del d\u00eda de tu llegada.<\/p>\n<p><strong>Hora de salida<\/strong>: La salida de la habitaci\u00f3n es a las 11:00 h, pero puedes quedarte y disfrutar de la reserva todo el tiempo que quieras despu\u00e9s. Rel\u00e1jate en las zonas comunes del albergue, explora otros senderos o disfruta de las impresionantes vistas del bosque nuboso antes de partir. <\/p>\n<\/div>\n<\/div>\n<\/div>\n<\/div>\n<\/div>\n<\/section>\n<p>[\/et_pb_toggle][et_pb_toggle title=\u00bb\u00bfC\u00f3mo son el albergue y las habitaciones?\u00bb icon_color=\u00bb#2E4D38&#8243; open_icon_color=\u00bb#2e4d38&#8243; _builder_version=\u00bb4.27.0&#8243; _module_preset=\u00bbdefault\u00bb title_text_color=\u00bb#2e4d38&#8243; background_color=\u00bb#ffffff\u00bb width=\u00bb95%\u00bb module_alignment=\u00bbcenter\u00bb border_radii=\u00bbon|10px|10px|10px|10px\u00bb border_color_all=\u00bb#2E4D38&#8243; box_shadow_style=\u00bbpreset1&#8243; global_colors_info=\u00bb{}\u00bb]<\/p>\n<section class=\"elementor-section elementor-top-section elementor-element elementor-element-8975840 elementor-section-boxed elementor-section-height-default elementor-section-height-default\" data-id=\"8975840\" data-element_type=\"section\">\n<div class=\"elementor-container elementor-column-gap-default\">\n<div class=\"elementor-column elementor-col-100 elementor-top-column elementor-element elementor-element-8bd863f\" data-id=\"8bd863f\" data-element_type=\"column\">\n<div class=\"elementor-widget-wrap elementor-element-populated\">\n<div class=\"elementor-element elementor-element-68ce932 elementor-widget elementor-widget-heading\" data-id=\"68ce932\" data-element_type=\"widget\" data-widget_type=\"heading.default\">\n<div class=\"elementor-widget-container\">\n<p>Nuestro albergue es un refugio \u00edntimo y acogedor con s\u00f3lo cuatro habitaciones, perfecto para sumergirse en el tranquilo entorno del bosque nuboso. Tres de las habitaciones tienen c\u00f3modas camas de matrimonio y una tiene dos camas individuales, para acomodar a grupos de distintos tama\u00f1os. Cada habitaci\u00f3n tiene un cuarto de ba\u00f1o privado con ducha de agua caliente, que proporciona un lugar c\u00f3modo para relajarse tras un d\u00eda de exploraci\u00f3n.  <\/p>\n<p>Las habitaciones comparten el acceso a una zona de estar exterior protegida, donde servimos caf\u00e9 y t\u00e9 por la ma\u00f1ana temprano antes de salir a nuestras aventuras ornitol\u00f3gicas. Aunque el albergue ofrece WiFi, ten en cuenta que la intensidad de la se\u00f1al puede variar seg\u00fan el tiempo, ya que estamos enclavados en una zona remota. <\/p>\n<p class=\"p1\">\n<\/div>\n<\/div>\n<\/div>\n<\/div>\n<\/div>\n<\/section>\n<p>[\/et_pb_toggle][et_pb_toggle title=\u00bbComidas\u00bb icon_color=\u00bb#2E4D38&#8243; open_icon_color=\u00bb#2e4d38&#8243; _builder_version=\u00bb4.27.0&#8243; _module_preset=\u00bbdefault\u00bb title_text_color=\u00bb#2e4d38&#8243; background_color=\u00bb#ffffff\u00bb width=\u00bb95%\u00bb module_alignment=\u00bbcenter\u00bb border_radii=\u00bbon|10px|10px|10px|10px\u00bb border_color_all=\u00bb#2E4D38&#8243; box_shadow_style=\u00bbpreset1&#8243; global_colors_info=\u00bb{}\u00bb]<\/p>\n<section class=\"elementor-section elementor-top-section elementor-element elementor-element-8975840 elementor-section-boxed elementor-section-height-default elementor-section-height-default\" data-id=\"8975840\" data-element_type=\"section\">\n<div class=\"elementor-container elementor-column-gap-default\">\n<div class=\"elementor-column elementor-col-100 elementor-top-column elementor-element elementor-element-8bd863f\" data-id=\"8bd863f\" data-element_type=\"column\">\n<div class=\"elementor-widget-wrap elementor-element-populated\">\n<div class=\"elementor-element elementor-element-68ce932 elementor-widget elementor-widget-heading\" data-id=\"68ce932\" data-element_type=\"widget\" data-widget_type=\"heading.default\">\n<div class=\"elementor-widget-container\">\n<p>Nuestro equipo, con m\u00e1s de 20 a\u00f1os de experiencia sirviendo a un p\u00fablico internacional diverso, ofrece platos cuidadosamente preparados. Tanto si disfrutas de los cl\u00e1sicos ecuatorianos como de los conocidos platos internacionales favoritos, nos aseguramos de que todos los hu\u00e9spedes tengan comidas deliciosas que satisfagan sus necesidades, incluidas opciones veganas, vegetarianas, sin gluten y sin l\u00e1cteos con previo aviso.   <\/p>\n<p>Para los visitantes de un d\u00eda, el desayuno est\u00e1 incluido, y para los hu\u00e9spedes que pernoctan, las comidas est\u00e1n incluidas desde la cena del d\u00eda de llegada hasta la comida del d\u00eda de salida.<\/p>\n<\/div>\n<\/div>\n<\/div>\n<\/div>\n<\/div>\n<\/section>\n<p>[\/et_pb_toggle][et_pb_toggle title=\u00bbReservas y pagos\u00bb icon_color=\u00bb#2E4D38&#8243; open_icon_color=\u00bb#2e4d38&#8243; _builder_version=\u00bb4.27.0&#8243; _module_preset=\u00bbdefault\u00bb title_text_color=\u00bb#2e4d38&#8243; background_color=\u00bb#ffffff\u00bb width=\u00bb95%\u00bb module_alignment=\u00bbcenter\u00bb border_radii=\u00bbon|10px|10px|10px|10px\u00bb border_color_all=\u00bb#2E4D38&#8243; box_shadow_style=\u00bbpreset1&#8243; global_colors_info=\u00bb{}\u00bb]<\/p>\n<section class=\"elementor-section elementor-top-section elementor-element elementor-element-8975840 elementor-section-boxed elementor-section-height-default elementor-section-height-default\" data-id=\"8975840\" data-element_type=\"section\">\n<div class=\"elementor-container elementor-column-gap-default\">\n<div class=\"elementor-column elementor-col-100 elementor-top-column elementor-element elementor-element-8bd863f\" data-id=\"8bd863f\" data-element_type=\"column\">\n<div class=\"elementor-widget-wrap elementor-element-populated\">\n<p>Los hu\u00e9spedes que deseen reservar directamente con Refugio Paz de Las Aves deben utilizar nuestro sistema de reservas en l\u00ednea, impulsado por WeTravel.<\/p>\n<p>Se requiere un dep\u00f3sito en el momento de la reserva. Si tienes que cancelarla antes de realizar el pago completo, haremos todo lo posible por reembolsarte el dep\u00f3sito, menos los gastos administrativos y de transferencia bancaria. Las cancelaciones deben hacerse por escrito.  <\/p>\n<p>El pago completo debe efectuarse 30 d\u00edas antes de la fecha de llegada.<\/p>\n<p>Una vez realizado el pago completo, te recomendamos encarecidamente que contrates un seguro de viaje para cubrir cualquier situaci\u00f3n inesperada. Si tienes que anular el viaje, presenta primero una reclamaci\u00f3n a tu proveedor de seguros. <\/p>\n<p>Para las reservas efectuadas dentro de los 30 d\u00edas anteriores a la llegada, se requiere el pago completo en el momento de la reserva.<\/p>\n<\/div>\n<\/div>\n<\/div>\n<\/section>\n<p>[\/et_pb_toggle][et_pb_toggle title=\u00bbAjustes de precios\u00bb icon_color=\u00bb#2E4D38&#8243; open_icon_color=\u00bb#2e4d38&#8243; _builder_version=\u00bb4.27.0&#8243; _module_preset=\u00bbdefault\u00bb title_text_color=\u00bb#2e4d38&#8243; background_color=\u00bb#ffffff\u00bb width=\u00bb95%\u00bb module_alignment=\u00bbcenter\u00bb border_radii=\u00bbon|10px|10px|10px|10px\u00bb border_color_all=\u00bb#2E4D38&#8243; box_shadow_style=\u00bbpreset1&#8243; global_colors_info=\u00bb{}\u00bb]<\/p>\n<p>El Refugio Paz de Las Aves puede tener que ajustar las tarifas de las reservas efectuadas con m\u00e1s de cuatro meses de antelaci\u00f3n a la fecha de viaje. Los r\u00e1pidos cambios en la econom\u00eda mundial pueden afectar a los costes de transporte, combustible, alimentos y otros art\u00edculos de primera necesidad. Si es necesario un ajuste, te informaremos inmediatamente.  <\/p>\n<p>[\/et_pb_toggle][et_pb_toggle title=\u00bbSeguro de viaje\u00bb icon_color=\u00bb#2E4D38&#8243; open_icon_color=\u00bb#2e4d38&#8243; _builder_version=\u00bb4.27.0&#8243; _module_preset=\u00bbdefault\u00bb title_text_color=\u00bb#2e4d38&#8243; background_color=\u00bb#ffffff\u00bb width=\u00bb95%\u00bb module_alignment=\u00bbcenter\u00bb border_radii=\u00bbon|10px|10px|10px|10px\u00bb border_color_all=\u00bb#2E4D38&#8243; box_shadow_style=\u00bbpreset1&#8243; global_colors_info=\u00bb{}\u00bb]<\/p>\n<p>Recomendamos encarecidamente contratar un seguro de viaje. Una buena p\u00f3liza debe cubrir el reembolso de los gastos de viaje por enfermedad personal (incluido el COVID-19), cat\u00e1strofes naturales y\/o inestabilidad pol\u00edtica. Tambi\u00e9n aconsejamos encarecidamente adquirir un seguro m\u00e9dico que incluya cobertura m\u00e9dica dentro de Ecuador y evacuaci\u00f3n de emergencia. Aunque Refugio Paz de Las Aves se encuentra a poca distancia en coche de Quito, la atenci\u00f3n m\u00e9dica de urgencia es limitada en nuestra regi\u00f3n. Si es necesaria la evacuaci\u00f3n, t\u00fa ser\u00e1s responsable de todos los costes asociados.    <\/p>\n<p>&nbsp;<\/p>\n<p>[\/et_pb_toggle][\/et_pb_column][\/et_pb_row][\/et_pb_section]<\/p>\n","protected":false},"excerpt":{"rendered":"<p>Preguntas m\u00e1s frecuentes (FAQ) &nbsp; El Refugio Paz de las Aves est\u00e1 enclavado en los exuberantes bosques nubosos de Ecuador, a unas dos horas en autom\u00f3vil de Quito, pasando por la ciudad de Nanegalito y cerca de los puntos de observaci\u00f3n de aves de Mindo y Tandayapa. Esta ubicaci\u00f3n ideal en la vertiente occidental de [&hellip;]<\/p>\n","protected":false},"author":1,"featured_media":0,"parent":0,"menu_order":0,"comment_status":"closed","ping_status":"closed","template":"","meta":{"_et_pb_use_builder":"on","_et_pb_old_content":"","_et_gb_content_width":"","footnotes":""},"class_list":["post-2020","page","type-page","status-publish","hentry"],"_links":{"self":[{"href":"https:\/\/pazdelasaves.org\/es\/wp-json\/wp\/v2\/pages\/2020","targetHints":{"allow":["GET"]}}],"collection":[{"href":"https:\/\/pazdelasaves.org\/es\/wp-json\/wp\/v2\/pages"}],"about":[{"href":"https:\/\/pazdelasaves.org\/es\/wp-json\/wp\/v2\/types\/page"}],"author":[{"embeddable":true,"href":"https:\/\/pazdelasaves.org\/es\/wp-json\/wp\/v2\/users\/1"}],"replies":[{"embeddable":true,"href":"https:\/\/pazdelasaves.org\/es\/wp-json\/wp\/v2\/comments?post=2020"}],"version-history":[{"count":0,"href":"https:\/\/pazdelasaves.org\/es\/wp-json\/wp\/v2\/pages\/2020\/revisions"}],"wp:attachment":[{"href":"https:\/\/pazdelasaves.org\/es\/wp-json\/wp\/v2\/media?parent=2020"}],"curies":[{"name":"wp","href":"https:\/\/api.w.org\/{rel}","templated":true}]}}